{"id":1817,"date":"2020-05-20T18:45:50","date_gmt":"2020-05-20T18:45:50","guid":{"rendered":"http:\/\/ewforex.net\/blog\/?page_id=1817"},"modified":"2020-05-23T17:08:16","modified_gmt":"2020-05-23T17:08:16","slug":"precio-del-dolar-en-peru","status":"publish","type":"page","link":"https:\/\/ewforex.net\/blog\/precio-del-dolar-en-peru\/","title":{"rendered":"Precio del D\u00f3lar en Per\u00fa, Cotizaci\u00f3n del D\u00f3lar, USD\/PEN."},"content":{"rendered":"\n<p>Inf\u00f3rmaci\u00f3n del precio del d\u00f3lar actual en Per\u00fa <\/p>\n\n\n\n<div class=\"tradingview-widget-container\">\n  <script type=\"text\/javascript\" src=\"https:\/\/s3.tradingview.com\/external-embedding\/embed-widget-symbol-info.js\" async=\"\">\n  {\n  \"symbol\": \"FX_IDC:USDPEN\",\n  \"width\": \"100%\",\n  \"height\": \"300\",\n  \"locale\": \"es\",\n  \"colorTheme\": \"light\",\n  \"isTransparent\": false\n}\n  <\/script>\n<\/div>\n\n\n\n<div class=\"tradingview-widget-container\">\n  <script type=\"text\/javascript\" src=\"https:\/\/s3.tradingview.com\/tv.js\"><\/script>\n  <script type=\"text\/javascript\">\n  new TradingView.widget(\n  {\n  \"width\": \"100%\",\n  \"height\": 520,\n  \"symbol\": \"FX_IDC:USDPEN\",\n  \"interval\": \"D\",\n  \"timezone\": \"Etc\/UTC\",\n  \"theme\": \"light\",\n  \"style\": \"1\",\n  \"locale\": \"es\",\n  \"toolbar_bg\": \"#f1f3f6\",\n  \"enable_publishing\": false,\n  \"hide_side_toolbar\": false,\n  \"allow_symbol_change\": true,\n  \"container_id\": \"tradingview_bf3b0\"\n}\n  );\n  <\/script>\n<\/div>\n","protected":false},"excerpt":{"rendered":"<p>Inf\u00f3rmaci\u00f3n del precio del d\u00f3lar actual en Per\u00fa<\/p>\n","protected":false},"author":1,"featured_media":0,"parent":0,"menu_order":0,"comment_status":"closed","ping_status":"closed","template":"","meta":{"footnotes":""},"class_list":["post-1817","page","type-page","status-publish","hentry"],"yoast_head":"<!-- This site is optimized with the Yoast SEO plugin v14.9 - https:\/\/yoast.com\/wordpress\/plugins\/seo\/ -->\n<title>Precio del D\u00f3lar en Per\u00fa, Cotizaci\u00f3n del D\u00f3lar, USD\/PEN. | Casa de cambios | ewforex.net<\/title>\n<meta name=\"description\" content=\"Conoce el precio del d\u00f3lar en per\u00fa actualidado cada dia, compra del dolar, venta del dolar y la cotizacion del dolar actual en cambistas, casas de cambio y en los bancos naciones del Per\u00fa.\" \/>\n<meta name=\"robots\" content=\"index, follow, max-snippet:-1, max-image-preview:large, max-video-preview:-1\" \/>\n<link rel=\"canonical\" href=\"http:\/\/ewforex.net\/blog\/precio-del-dolar-en-peru\/\" \/>\n<meta property=\"og:locale\" content=\"en_GB\" \/>\n<meta property=\"og:type\" content=\"article\" \/>\n<meta property=\"og:title\" content=\"Precio del D\u00f3lar en Per\u00fa, Cotizaci\u00f3n del D\u00f3lar, USD\/PEN. | Casa de cambios | ewforex.net\" \/>\n<meta property=\"og:description\" content=\"Conoce el precio del d\u00f3lar en per\u00fa actualidado cada dia, compra del dolar, venta del dolar y la cotizacion del dolar actual en cambistas, casas de cambio y en los bancos naciones del Per\u00fa.\" \/>\n<meta property=\"og:url\" content=\"http:\/\/ewforex.net\/blog\/precio-del-dolar-en-peru\/\" \/>\n<meta property=\"og:site_name\" content=\"Casa de cambios | ewforex.net\" \/>\n<meta property=\"article:modified_time\" content=\"2020-05-23T17:08:16+00:00\" \/>\n<meta name=\"twitter:card\" content=\"summary_large_image\" \/>\n<script type=\"application\/ld+json\" class=\"yoast-schema-graph\">{\"@context\":\"https:\/\/schema.org\",\"@graph\":[{\"@type\":\"Organization\",\"@id\":\"https:\/\/ewforex.net\/blog\/#organization\",\"name\":\"casa de cambios\",\"url\":\"https:\/\/ewforex.net\/blog\/\",\"sameAs\":[],\"logo\":{\"@type\":\"ImageObject\",\"@id\":\"https:\/\/ewforex.net\/blog\/#logo\",\"inLanguage\":\"en-GB\",\"url\":\"https:\/\/ewforex.net\/blog\/wp-content\/uploads\/2020\/05\/cropped-logo-1.png\",\"width\":218,\"height\":44,\"caption\":\"casa de cambios\"},\"image\":{\"@id\":\"https:\/\/ewforex.net\/blog\/#logo\"}},{\"@type\":\"WebSite\",\"@id\":\"https:\/\/ewforex.net\/blog\/#website\",\"url\":\"https:\/\/ewforex.net\/blog\/\",\"name\":\"Casa de cambios | ewforex.net\",\"description\":\"Casa de Cambios Online En lima Per\\u00fa, Miraflores, Compra y Venta de Dolares, Cambio de Divisas al Mejor Precio. Mejor precio del dolar en per\\u00fa, Euros, Pesos y criptomonedas.\",\"publisher\":{\"@id\":\"https:\/\/ewforex.net\/blog\/#organization\"},\"potentialAction\":[{\"@type\":\"SearchAction\",\"target\":\"https:\/\/ewforex.net\/blog\/?s={search_term_string}\",\"query-input\":\"required name=search_term_string\"}],\"inLanguage\":\"en-GB\"},{\"@type\":\"WebPage\",\"@id\":\"http:\/\/ewforex.net\/blog\/precio-del-dolar-en-peru\/#webpage\",\"url\":\"http:\/\/ewforex.net\/blog\/precio-del-dolar-en-peru\/\",\"name\":\"Precio del D\\u00f3lar en Per\\u00fa, Cotizaci\\u00f3n del D\\u00f3lar, USD\/PEN. | Casa de cambios | ewforex.net\",\"isPartOf\":{\"@id\":\"https:\/\/ewforex.net\/blog\/#website\"},\"datePublished\":\"2020-05-20T18:45:50+00:00\",\"dateModified\":\"2020-05-23T17:08:16+00:00\",\"description\":\"Conoce el precio del d\\u00f3lar en per\\u00fa actualidado cada dia, compra del dolar, venta del dolar y la cotizacion del dolar actual en cambistas, casas de cambio y en los bancos naciones del Per\\u00fa.\",\"inLanguage\":\"en-GB\",\"potentialAction\":[{\"@type\":\"ReadAction\",\"target\":[\"http:\/\/ewforex.net\/blog\/precio-del-dolar-en-peru\/\"]}]}]}<\/script>\n<!-- \/ Yoast SEO plugin. -->","_links":{"self":[{"href":"https:\/\/ewforex.net\/blog\/wp-json\/wp\/v2\/pages\/1817","targetHints":{"allow":["GET"]}}],"collection":[{"href":"https:\/\/ewforex.net\/blog\/wp-json\/wp\/v2\/pages"}],"about":[{"href":"https:\/\/ewforex.net\/blog\/wp-json\/wp\/v2\/types\/page"}],"author":[{"embeddable":true,"href":"https:\/\/ewforex.net\/blog\/wp-json\/wp\/v2\/users\/1"}],"replies":[{"embeddable":true,"href":"https:\/\/ewforex.net\/blog\/wp-json\/wp\/v2\/comments?post=1817"}],"version-history":[{"count":17,"href":"https:\/\/ewforex.net\/blog\/wp-json\/wp\/v2\/pages\/1817\/revisions"}],"predecessor-version":[{"id":1881,"href":"https:\/\/ewforex.net\/blog\/wp-json\/wp\/v2\/pages\/1817\/revisions\/1881"}],"wp:attachment":[{"href":"https:\/\/ewforex.net\/blog\/wp-json\/wp\/v2\/media?parent=1817"}],"curies":[{"name":"wp","href":"https:\/\/api.w.org\/{rel}","templated":true}]}}