{"id":1874,"date":"2020-05-23T17:07:54","date_gmt":"2020-05-23T17:07:54","guid":{"rendered":"http:\/\/ewforex.net\/blog\/?page_id=1874"},"modified":"2020-09-26T16:37:33","modified_gmt":"2020-09-26T16:37:33","slug":"precio-del-euro-en-peru-cotizacion-del-euro-eur-pen","status":"publish","type":"page","link":"https:\/\/ewforex.net\/blog\/precio-del-euro-en-peru-cotizacion-del-euro-eur-pen\/","title":{"rendered":"Precio del Euro en Per\u00fa Cotizaci\u00f3n del Euro EUR\/PEN."},"content":{"rendered":"\n<p>Inf\u00f3rmacion del precio del Euro actual en Per\u00fa<\/p>\n\n\n\n<div class=\"tradingview-widget-container\">\n  <script type=\"text\/javascript\" src=\"https:\/\/s3.tradingview.com\/external-embedding\/embed-widget-symbol-info.js\" async=\"\">\n  {\n  \"symbol\": \"FX_IDC:EURPEN\",\n  \"width\": \"100%\",\n  \"height\": \"300\",\n  \"locale\": \"es\",\n  \"colorTheme\": \"light\",\n  \"isTransparent\": false\n}\n  <\/script>\n<\/div>\n\n\n\n<!-- TradingView Widget BEGIN -->\n<div class=\"tradingview-widget-container\">\n  <script type=\"text\/javascript\" src=\"https:\/\/s3.tradingview.com\/tv.js\"><\/script>\n  <script type=\"text\/javascript\">\n  new TradingView.widget(\n  {\n  \"width\": \"100%\",\n  \"height\": 400,\n  \"symbol\": \"FX_IDC:EURPEN\",\n  \"interval\": \"D\",\n  \"timezone\": \"Etc\/UTC\",\n  \"theme\": \"light\",\n  \"style\": \"1\",\n  \"locale\": \"es\",\n  \"toolbar_bg\": \"#f1f3f6\",\n  \"enable_publishing\": false,\n  \"allow_symbol_change\": true,\n  \"container_id\": \"tradingview_fc55e\"\n}\n  );\n  <\/script>\n<\/div>\n<!-- TradingView Widget END -->\n\n\n\n<p><\/p>\n\n\n\n<h2 class=\"wp-block-heading\">Consulta el precio en nuestra <a href=\"https:\/\/ewforex.net\">casa de cambios<\/a> en Miraflores, Lima Per\u00fa<\/h2>\n\n\n\n<h2 class=\"has-text-align-center wp-block-heading\">Redes Sociales<\/h2>\n\n\n\n<ul class=\"wp-block-social-links aligncenter is-layout-flex wp-block-social-links-is-layout-flex\"><li class=\"wp-social-link wp-social-link-facebook  wp-block-social-link\"><a href=\"https:\/\/www.facebook.com\/ewforex.net\" class=\"wp-block-social-link-anchor\"><svg width=\"24\" height=\"24\" viewBox=\"0 0 24 24\" version=\"1.1\" xmlns=\"http:\/\/www.w3.org\/2000\/svg\" aria-hidden=\"true\" focusable=\"false\"><path d=\"M12 2C6.5 2 2 6.5 2 12c0 5 3.7 9.1 8.4 9.9v-7H7.9V12h2.5V9.8c0-2.5 1.5-3.9 3.8-3.9 1.1 0 2.2.2 2.2.2v2.5h-1.3c-1.2 0-1.6.8-1.6 1.6V12h2.8l-.4 2.9h-2.3v7C18.3 21.1 22 17 22 12c0-5.5-4.5-10-10-10z\"><\/path><\/svg><span class=\"wp-block-social-link-label screen-reader-text\">Facebook<\/span><\/a><\/li>\n\n<li class=\"wp-social-link wp-social-link-instagram  wp-block-social-link\"><a href=\"https:\/\/www.instagram.com\/dolarmiraflores\/\" class=\"wp-block-social-link-anchor\"><svg width=\"24\" height=\"24\" viewBox=\"0 0 24 24\" version=\"1.1\" xmlns=\"http:\/\/www.w3.org\/2000\/svg\" aria-hidden=\"true\" focusable=\"false\"><path d=\"M12,4.622c2.403,0,2.688,0.009,3.637,0.052c0.877,0.04,1.354,0.187,1.671,0.31c0.42,0.163,0.72,0.358,1.035,0.673 c0.315,0.315,0.51,0.615,0.673,1.035c0.123,0.317,0.27,0.794,0.31,1.671c0.043,0.949,0.052,1.234,0.052,3.637 s-0.009,2.688-0.052,3.637c-0.04,0.877-0.187,1.354-0.31,1.671c-0.163,0.42-0.358,0.72-0.673,1.035 c-0.315,0.315-0.615,0.51-1.035,0.673c-0.317,0.123-0.794,0.27-1.671,0.31c-0.949,0.043-1.233,0.052-3.637,0.052 s-2.688-0.009-3.637-0.052c-0.877-0.04-1.354-0.187-1.671-0.31c-0.42-0.163-0.72-0.358-1.035-0.673 c-0.315-0.315-0.51-0.615-0.673-1.035c-0.123-0.317-0.27-0.794-0.31-1.671C4.631,14.688,4.622,14.403,4.622,12 s0.009-2.688,0.052-3.637c0.04-0.877,0.187-1.354,0.31-1.671c0.163-0.42,0.358-0.72,0.673-1.035 c0.315-0.315,0.615-0.51,1.035-0.673c0.317-0.123,0.794-0.27,1.671-0.31C9.312,4.631,9.597,4.622,12,4.622 M12,3 C9.556,3,9.249,3.01,8.289,3.054C7.331,3.098,6.677,3.25,6.105,3.472C5.513,3.702,5.011,4.01,4.511,4.511 c-0.5,0.5-0.808,1.002-1.038,1.594C3.25,6.677,3.098,7.331,3.054,8.289C3.01,9.249,3,9.556,3,12c0,2.444,0.01,2.751,0.054,3.711 c0.044,0.958,0.196,1.612,0.418,2.185c0.23,0.592,0.538,1.094,1.038,1.594c0.5,0.5,1.002,0.808,1.594,1.038 c0.572,0.222,1.227,0.375,2.185,0.418C9.249,20.99,9.556,21,12,21s2.751-0.01,3.711-0.054c0.958-0.044,1.612-0.196,2.185-0.418 c0.592-0.23,1.094-0.538,1.594-1.038c0.5-0.5,0.808-1.002,1.038-1.594c0.222-0.572,0.375-1.227,0.418-2.185 C20.99,14.751,21,14.444,21,12s-0.01-2.751-0.054-3.711c-0.044-0.958-0.196-1.612-0.418-2.185c-0.23-0.592-0.538-1.094-1.038-1.594 c-0.5-0.5-1.002-0.808-1.594-1.038c-0.572-0.222-1.227-0.375-2.185-0.418C14.751,3.01,14.444,3,12,3L12,3z M12,7.378 c-2.552,0-4.622,2.069-4.622,4.622S9.448,16.622,12,16.622s4.622-2.069,4.622-4.622S14.552,7.378,12,7.378z M12,15 c-1.657,0-3-1.343-3-3s1.343-3,3-3s3,1.343,3,3S13.657,15,12,15z M16.804,6.116c-0.596,0-1.08,0.484-1.08,1.08 s0.484,1.08,1.08,1.08c0.596,0,1.08-0.484,1.08-1.08S17.401,6.116,16.804,6.116z\"><\/path><\/svg><span class=\"wp-block-social-link-label screen-reader-text\">Instagram<\/span><\/a><\/li>\n\n<li class=\"wp-social-link wp-social-link-youtube  wp-block-social-link\"><a href=\"https:\/\/www.youtube.com\/user\/Fernandolunatoro1\" class=\"wp-block-social-link-anchor\"><svg width=\"24\" height=\"24\" viewBox=\"0 0 24 24\" version=\"1.1\" xmlns=\"http:\/\/www.w3.org\/2000\/svg\" aria-hidden=\"true\" focusable=\"false\"><path d=\"M21.8,8.001c0,0-0.195-1.378-0.795-1.985c-0.76-0.797-1.613-0.801-2.004-0.847c-2.799-0.202-6.997-0.202-6.997-0.202 h-0.009c0,0-4.198,0-6.997,0.202C4.608,5.216,3.756,5.22,2.995,6.016C2.395,6.623,2.2,8.001,2.2,8.001S2,9.62,2,11.238v1.517 c0,1.618,0.2,3.237,0.2,3.237s0.195,1.378,0.795,1.985c0.761,0.797,1.76,0.771,2.205,0.855c1.6,0.153,6.8,0.201,6.8,0.201 s4.203-0.006,7.001-0.209c0.391-0.047,1.243-0.051,2.004-0.847c0.6-0.607,0.795-1.985,0.795-1.985s0.2-1.618,0.2-3.237v-1.517 C22,9.62,21.8,8.001,21.8,8.001z M9.935,14.594l-0.001-5.62l5.404,2.82L9.935,14.594z\"><\/path><\/svg><span class=\"wp-block-social-link-label screen-reader-text\">YouTube<\/span><\/a><\/li><\/ul>\n\n\n\n<p><\/p>\n","protected":false},"excerpt":{"rendered":"<p>Inf\u00f3rmacion del precio del Euro actual en Per\u00fa Consulta el precio en nuestra casa de cambios en Miraflores, Lima Per\u00fa Redes Sociales<\/p>\n","protected":false},"author":1,"featured_media":0,"parent":0,"menu_order":0,"comment_status":"closed","ping_status":"closed","template":"","meta":{"footnotes":""},"class_list":["post-1874","page","type-page","status-publish","hentry"],"yoast_head":"<!-- This site is optimized with the Yoast SEO plugin v14.9 - https:\/\/yoast.com\/wordpress\/plugins\/seo\/ -->\n<title>Precio del Euro en Per\u00fa Cotizaci\u00f3n del Euro EUR\/PEN. | Casa de cambios | ewforex.net<\/title>\n<meta name=\"description\" content=\"Conoce el precio del d\u00f3lar en per\u00fa actualidado cada dia, compra del dolar, venta del dolar y la cotizacion del dolar actual en cambistas, casas de cambio y en los bancos naciones del Per\u00fa.\" \/>\n<meta name=\"robots\" content=\"index, follow, max-snippet:-1, max-image-preview:large, max-video-preview:-1\" \/>\n<link rel=\"canonical\" href=\"http:\/\/ewforex.net\/blog\/precio-del-euro-en-peru-cotizacion-del-euro-eur-pen\/\" \/>\n<meta property=\"og:locale\" content=\"en_GB\" \/>\n<meta property=\"og:type\" content=\"article\" \/>\n<meta property=\"og:title\" content=\"Precio del Euro en Per\u00fa Cotizaci\u00f3n del Euro EUR\/PEN. | Casa de cambios | ewforex.net\" \/>\n<meta property=\"og:description\" content=\"Conoce el precio del d\u00f3lar en per\u00fa actualidado cada dia, compra del dolar, venta del dolar y la cotizacion del dolar actual en cambistas, casas de cambio y en los bancos naciones del Per\u00fa.\" \/>\n<meta property=\"og:url\" content=\"http:\/\/ewforex.net\/blog\/precio-del-euro-en-peru-cotizacion-del-euro-eur-pen\/\" \/>\n<meta property=\"og:site_name\" content=\"Casa de cambios | ewforex.net\" \/>\n<meta property=\"article:modified_time\" content=\"2020-09-26T16:37:33+00:00\" \/>\n<meta name=\"twitter:card\" content=\"summary_large_image\" \/>\n<script type=\"application\/ld+json\" class=\"yoast-schema-graph\">{\"@context\":\"https:\/\/schema.org\",\"@graph\":[{\"@type\":\"Organization\",\"@id\":\"https:\/\/ewforex.net\/blog\/#organization\",\"name\":\"casa de cambios\",\"url\":\"https:\/\/ewforex.net\/blog\/\",\"sameAs\":[],\"logo\":{\"@type\":\"ImageObject\",\"@id\":\"https:\/\/ewforex.net\/blog\/#logo\",\"inLanguage\":\"en-GB\",\"url\":\"https:\/\/ewforex.net\/blog\/wp-content\/uploads\/2020\/05\/cropped-logo-1.png\",\"width\":218,\"height\":44,\"caption\":\"casa de cambios\"},\"image\":{\"@id\":\"https:\/\/ewforex.net\/blog\/#logo\"}},{\"@type\":\"WebSite\",\"@id\":\"https:\/\/ewforex.net\/blog\/#website\",\"url\":\"https:\/\/ewforex.net\/blog\/\",\"name\":\"Casa de cambios | ewforex.net\",\"description\":\"Casa de Cambios Online En lima Per\\u00fa, Miraflores, Compra y Venta de Dolares, Cambio de Divisas al Mejor Precio. Mejor precio del dolar en per\\u00fa, Euros, Pesos y criptomonedas.\",\"publisher\":{\"@id\":\"https:\/\/ewforex.net\/blog\/#organization\"},\"potentialAction\":[{\"@type\":\"SearchAction\",\"target\":\"https:\/\/ewforex.net\/blog\/?s={search_term_string}\",\"query-input\":\"required name=search_term_string\"}],\"inLanguage\":\"en-GB\"},{\"@type\":\"WebPage\",\"@id\":\"http:\/\/ewforex.net\/blog\/precio-del-euro-en-peru-cotizacion-del-euro-eur-pen\/#webpage\",\"url\":\"http:\/\/ewforex.net\/blog\/precio-del-euro-en-peru-cotizacion-del-euro-eur-pen\/\",\"name\":\"Precio del Euro en Per\\u00fa Cotizaci\\u00f3n del Euro EUR\/PEN. | Casa de cambios | ewforex.net\",\"isPartOf\":{\"@id\":\"https:\/\/ewforex.net\/blog\/#website\"},\"datePublished\":\"2020-05-23T17:07:54+00:00\",\"dateModified\":\"2020-09-26T16:37:33+00:00\",\"description\":\"Conoce el precio del d\\u00f3lar en per\\u00fa actualidado cada dia, compra del dolar, venta del dolar y la cotizacion del dolar actual en cambistas, casas de cambio y en los bancos naciones del Per\\u00fa.\",\"inLanguage\":\"en-GB\",\"potentialAction\":[{\"@type\":\"ReadAction\",\"target\":[\"http:\/\/ewforex.net\/blog\/precio-del-euro-en-peru-cotizacion-del-euro-eur-pen\/\"]}]}]}<\/script>\n<!-- \/ Yoast SEO plugin. -->","_links":{"self":[{"href":"https:\/\/ewforex.net\/blog\/wp-json\/wp\/v2\/pages\/1874","targetHints":{"allow":["GET"]}}],"collection":[{"href":"https:\/\/ewforex.net\/blog\/wp-json\/wp\/v2\/pages"}],"about":[{"href":"https:\/\/ewforex.net\/blog\/wp-json\/wp\/v2\/types\/page"}],"author":[{"embeddable":true,"href":"https:\/\/ewforex.net\/blog\/wp-json\/wp\/v2\/users\/1"}],"replies":[{"embeddable":true,"href":"https:\/\/ewforex.net\/blog\/wp-json\/wp\/v2\/comments?post=1874"}],"version-history":[{"count":10,"href":"https:\/\/ewforex.net\/blog\/wp-json\/wp\/v2\/pages\/1874\/revisions"}],"predecessor-version":[{"id":2064,"href":"https:\/\/ewforex.net\/blog\/wp-json\/wp\/v2\/pages\/1874\/revisions\/2064"}],"wp:attachment":[{"href":"https:\/\/ewforex.net\/blog\/wp-json\/wp\/v2\/media?parent=1874"}],"curies":[{"name":"wp","href":"https:\/\/api.w.org\/{rel}","templated":true}]}}